{"id":20361,"date":"2025-10-25T07:24:45","date_gmt":"2025-10-25T07:24:45","guid":{"rendered":"https:\/\/heaton.ee\/osamaksu\/"},"modified":"2025-11-03T09:19:11","modified_gmt":"2025-11-03T09:19:11","slug":"osamaksu","status":"publish","type":"page","link":"https:\/\/heaton.ee\/fi\/osamaksu\/","title":{"rendered":"Osamaksu"},"content":{"rendered":"\t\t<div data-elementor-type=\"wp-page\" data-elementor-id=\"20361\" class=\"elementor elementor-20361 elementor-20301\" data-elementor-post-type=\"page\">\n\t\t\t\t<div class=\"elementor-element elementor-element-d56ae64 e-flex e-con-boxed e-con e-parent\" data-id=\"d56ae64\" data-element_type=\"container\" data-e-type=\"container\">\n\t\t\t\t\t<div class=\"e-con-inner\">\n\t\t\t\t<div class=\"elementor-element elementor-element-3447c2d elementor-widget elementor-widget-image\" data-id=\"3447c2d\" data-element_type=\"widget\" data-e-type=\"widget\" data-widget_type=\"image.default\">\n\t\t\t\t\t\t\t\t\t\t\t\t\t\t\t<img fetchpriority=\"high\" decoding=\"async\" width=\"1000\" height=\"523\" src=\"https:\/\/heaton.ee\/wp-content\/uploads\/2025\/10\/HP_banner_offline_1000x523-29.jpg\" class=\"attachment-large size-large wp-image-20362\" alt=\"\" srcset=\"https:\/\/heaton.ee\/wp-content\/uploads\/2025\/10\/HP_banner_offline_1000x523-29.jpg 1000w, https:\/\/heaton.ee\/wp-content\/uploads\/2025\/10\/HP_banner_offline_1000x523-29-300x157.jpg 300w, https:\/\/heaton.ee\/wp-content\/uploads\/2025\/10\/HP_banner_offline_1000x523-29-768x402.jpg 768w\" sizes=\"(max-width: 1000px) 100vw, 1000px\" \/>\t\t\t\t\t\t\t\t\t\t\t\t\t\t\t<\/div>\n\t\t\t\t\t<\/div>\n\t\t\t\t<\/div>\n\t\t<div class=\"elementor-element elementor-element-8da0f0d e-flex e-con-boxed e-con e-parent\" data-id=\"8da0f0d\" data-element_type=\"container\" data-e-type=\"container\">\n\t\t\t\t\t<div class=\"e-con-inner\">\n\t\t\t\t<div class=\"elementor-element elementor-element-33c7a65 elementor-widget elementor-widget-heading\" data-id=\"33c7a65\" data-element_type=\"widget\" data-e-type=\"widget\" data-widget_type=\"heading.default\">\n\t\t\t\t\t<h3 class=\"elementor-heading-title elementor-size-default\">Etk\u00f6 halua maksaa koko summaa kerralla? Maksa osamaksuina! <\/h3>\t\t\t\t<\/div>\n\t\t\t\t\t<\/div>\n\t\t\t\t<\/div>\n\t\t<div class=\"elementor-element elementor-element-e2c1b8f e-flex e-con-boxed e-con e-parent\" data-id=\"e2c1b8f\" data-element_type=\"container\" data-e-type=\"container\">\n\t\t\t\t\t<div class=\"e-con-inner\">\n\t\t\t\t<div class=\"elementor-element elementor-element-b443efb elementor-widget elementor-widget-text-editor\" data-id=\"b443efb\" data-element_type=\"widget\" data-e-type=\"widget\" data-widget_type=\"text-editor.default\">\n\t\t\t\t\t\t\t\t\t<p>ESTO-osamaksu on innovatiivinen maksuratkaisu, joka auttaa luomaan sinulle valitsemasi ajanjakson mukaisen maksuaikataulun. Maksuratkaisu tekee p\u00e4\u00e4t\u00f6ksen reaaliajassa ja auttaa suorittamaan ostoksen alle 60 sekunnissa. <\/p>\n<p>Valitse sopiva tuote tai palvelu, ilmoita asiakaspalvelijalle, ett\u00e4 haluat maksaa ESTO-osamaksulla, ja vahvista sitten tilauksesi. Ostosta vahvistaessasi valitse itsellesi sopiva ajanjakso, kuukausittaisen osamaksun suuruus ja allekirjoita digitaalisesti ID-kortilla, Smart-ID:ll\u00e4 tai Mobiili-ID:ll\u00e4. <\/p>\n<p>\u25cf ESTO-osamaksua voivat hakea kaikki 18\u201370-vuotiaat Viron tasavallan kansalaiset.<br>\u25cf ESTO-osamaksu on mahdollista j\u00e4rjest\u00e4\u00e4 nopeasti ja k\u00e4tev\u00e4sti my\u00f6s oikeushenkil\u00f6lle.<br>\u25cf ESTO-osamaksua tarjoaa ja hallinnoi ESTO AS.<\/p>\n<p>HUOMIO! Jokainen osamaksu on taloudellinen sitoumus. Ennen osamaksusopimuksen tekemist\u00e4 tutustu kyseisen palvelun ehtoihin ja tarvittaessa neuvottele asiantuntijan kanssa. ESTO AS:n osamaksun todellinen vuosikorko on 23,63 % vuodessa seuraavilla esimerkkiehdoilla: luoton m\u00e4\u00e4r\u00e4 1490 EUR, tavaran\/palvelun hinta 1490 EUR, k\u00e4siraha 0 %, kiinte\u00e4 korko 11,90 %, sopimusmaksu 0 EUR, luoton kokonaism\u00e4\u00e4r\u00e4 ja takaisinmaksujen summa 1844,64 EUR edellytt\u00e4en, ett\u00e4 luotto maksetaan takaisin 24 kuukauden kuluessa yht\u00e4 suurina kuukausierin\u00e4, joiden suuruus on 76,86 EUR. Tutustu ehtoihin ennen sopimuksen tekemist\u00e4 ja tarvittaessa neuvottele asiantuntijan kanssa. Osamaksua tarjoaa ja hallinnoi ESTO AS.     <\/p>\n<p>MIK\u00c4 ON ESTO? ESTO on rahoituspalveluita tarjoava yritys, jonka alkuper\u00e4 juontaa juurensa vuoteen 2016. Br\u00e4ndi sai alkunsa tarpeesta uuden sukupolven maksuratkaisuille, jotka sopisivat sek\u00e4 loppuk\u00e4ytt\u00e4j\u00e4lle  &nbsp;<span style=\"background-color: rgba(255, 255, 255, 0); word-spacing: normal;\">ett\u00e4 myyj\u00e4lle. T\u00e4n\u00e4 p\u00e4iv\u00e4n\u00e4 ESTO tarjoaa laajimman valikoiman erilaisia maksuratkaisuja Baltiassa ja <\/span><\/p><p>ESTO:n kumppaniverkostoon kuuluu yli 2 600 yhteisty\u00f6kumppania ja liikett\u00e4 sek\u00e4 yli 300 000 asiakasta.<\/p>\n<p>Tutustu ehtoihin t\u00e4\u00e4ll\u00e4: <a href=\"https:\/\/esto.ee\/et\" target=\"_blank\" rel=\"noopener\">www.esto.eu\/ee<\/a><br>Tarvittaessa ota yhteytt\u00e4 ESTO AS:n ty\u00f6ntekij\u00e4\u00e4n &#8211; <span style=\"text-decoration: underline;\">info@esto.ee<\/span> tai <a href=\"https:\/\/esto.ee\/et\" target=\"_blank\" rel=\"noopener\">www.esto.eu\/ee<\/a> LIVE-chat-ikkunassa.<\/p>\t\t\t\t\t\t\t\t<\/div>\n\t\t\t\t\t<\/div>\n\t\t\t\t<\/div>\n\t\t\t\t<\/div>\n\t\t","protected":false},"excerpt":{"rendered":"<p>Etk\u00f6 halua maksaa koko summaa kerralla? Maksa osamaksuina! ESTO-osamaksu on innovatiivinen maksuratkaisu, joka auttaa luomaan sinulle valitsemasi ajanjakson mukaisen maksuaikataulun. Maksuratkaisu tekee p\u00e4\u00e4t\u00f6ksen reaaliajassa ja auttaa suorittamaan ostoksen alle 60 sekunnissa. Valitse sopiva tuote tai palvelu, ilmoita asiakaspalvelijalle, ett\u00e4 haluat maksaa ESTO-osamaksulla, ja vahvista sitten tilauksesi. Ostosta vahvistaessasi valitse itsellesi sopiva ajanjakso, kuukausittaisen osamaksun suuruus&hellip;<\/p>\n","protected":false},"author":1,"featured_media":0,"parent":0,"menu_order":0,"comment_status":"closed","ping_status":"closed","template":"","meta":{"footnotes":""},"class_list":["post-20361","page","type-page","status-publish","hentry"],"_links":{"self":[{"href":"https:\/\/heaton.ee\/fi\/wp-json\/wp\/v2\/pages\/20361","targetHints":{"allow":["GET"]}}],"collection":[{"href":"https:\/\/heaton.ee\/fi\/wp-json\/wp\/v2\/pages"}],"about":[{"href":"https:\/\/heaton.ee\/fi\/wp-json\/wp\/v2\/types\/page"}],"author":[{"embeddable":true,"href":"https:\/\/heaton.ee\/fi\/wp-json\/wp\/v2\/users\/1"}],"replies":[{"embeddable":true,"href":"https:\/\/heaton.ee\/fi\/wp-json\/wp\/v2\/comments?post=20361"}],"version-history":[{"count":1,"href":"https:\/\/heaton.ee\/fi\/wp-json\/wp\/v2\/pages\/20361\/revisions"}],"predecessor-version":[{"id":20364,"href":"https:\/\/heaton.ee\/fi\/wp-json\/wp\/v2\/pages\/20361\/revisions\/20364"}],"wp:attachment":[{"href":"https:\/\/heaton.ee\/fi\/wp-json\/wp\/v2\/media?parent=20361"}],"curies":[{"name":"wp","href":"https:\/\/api.w.org\/{rel}","templated":true}]}}