{"id":20513,"date":"2025-09-02T07:19:44","date_gmt":"2025-09-02T07:19:44","guid":{"rendered":"https:\/\/heaton.ee\/tietoa-yrityksesta\/"},"modified":"2025-11-03T09:32:44","modified_gmt":"2025-11-03T09:32:44","slug":"tietoa-yrityksesta","status":"publish","type":"page","link":"https:\/\/heaton.ee\/fi\/tietoa-yrityksesta\/","title":{"rendered":"Tietoa yrityksest\u00e4"},"content":{"rendered":"\t\t<div data-elementor-type=\"wp-page\" data-elementor-id=\"20513\" class=\"elementor elementor-20513 elementor-18975\" data-elementor-post-type=\"page\">\n\t\t\t\t<div class=\"elementor-element elementor-element-4d75cdb e-con-full e-flex e-con e-parent\" data-id=\"4d75cdb\" data-element_type=\"container\" data-e-type=\"container\">\n\t\t<div class=\"elementor-element elementor-element-f7ddd58 e-flex e-con-boxed e-con e-child\" data-id=\"f7ddd58\" data-element_type=\"container\" data-e-type=\"container\">\n\t\t\t\t\t<div class=\"e-con-inner\">\n\t\t\t\t<div class=\"elementor-element elementor-element-a370543 elementor-widget__width-initial preserve-img-ratio-contain content-align-left the7-hover-visibility-disabled transform-overlay-yes exceeding-frame-yes elementor-widget elementor-widget-the7-image-widget\" data-id=\"a370543\" data-element_type=\"widget\" data-e-type=\"widget\" data-settings=\"{&quot;hover_visibility&quot;:&quot;disabled&quot;}\" data-widget_type=\"the7-image-widget.default\">\n\t\t\t\t<div class=\"elementor-widget-container\">\n\t\t\t\t\t<div class=\"the7-image-container\"><div class=\"the7-image-wrapper the7-elementor-widget the7-transform-container\"><div class=\"post-thumbnail-rollover layzr-bg img-css-resize-wrapper\"><img fetchpriority=\"high\" decoding=\"async\" width=\"1080\" height=\"1080\" src=\"data:image\/svg+xml,%3Csvg%20xmlns%3D&#039;http%3A%2F%2Fwww.w3.org%2F2000%2Fsvg&#039;%20viewBox%3D&#039;0%200%201080%201080&#039;%2F%3E\" class=\"attachment-full size-full preload-me aspect lazy lazy-load\" alt=\"\" sizes=\"(max-width: 1080px) 100vw, 1080px\" style=\"--ratio: 1080 \/ 1080;\" data-src=\"https:\/\/heaton.ee\/wp-content\/uploads\/2025\/09\/paigaldatud-soojuspumba-valisosa-tuntud-brand.png\" loading=\"eager\" data-srcset=\"https:\/\/heaton.ee\/wp-content\/uploads\/2025\/09\/paigaldatud-soojuspumba-valisosa-tuntud-brand.png 1080w, https:\/\/heaton.ee\/wp-content\/uploads\/2025\/09\/paigaldatud-soojuspumba-valisosa-tuntud-brand-300x300.png 300w, https:\/\/heaton.ee\/wp-content\/uploads\/2025\/09\/paigaldatud-soojuspumba-valisosa-tuntud-brand-1024x1024.png 1024w, https:\/\/heaton.ee\/wp-content\/uploads\/2025\/09\/paigaldatud-soojuspumba-valisosa-tuntud-brand-150x150.png 150w, https:\/\/heaton.ee\/wp-content\/uploads\/2025\/09\/paigaldatud-soojuspumba-valisosa-tuntud-brand-768x768.png 768w, https:\/\/heaton.ee\/wp-content\/uploads\/2025\/09\/paigaldatud-soojuspumba-valisosa-tuntud-brand-1000x1000.png 1000w, https:\/\/heaton.ee\/wp-content\/uploads\/2025\/09\/paigaldatud-soojuspumba-valisosa-tuntud-brand-200x200.png 200w\" \/><\/div><\/div><\/div>\t\t\t\t<\/div>\n\t\t\t\t<\/div>\n\t\t<div class=\"elementor-element elementor-element-aca9f3f e-con-full e-flex e-con e-child\" data-id=\"aca9f3f\" data-element_type=\"container\" data-e-type=\"container\">\n\t\t\t\t<div class=\"elementor-element elementor-element-1287163 elementor-widget-tablet__width-inherit elementor-widget elementor-widget-the7-heading\" data-id=\"1287163\" data-element_type=\"widget\" data-e-type=\"widget\" data-widget_type=\"the7-heading.default\">\n\t\t\t\t<div class=\"elementor-widget-container\">\n\t\t\t\t\t<h2 class=\"the7-heading-title elementor-size-default\">Keit\u00e4 olemme<\/h2>\t\t\t\t<\/div>\n\t\t\t\t<\/div>\n\t\t\t\t<div class=\"elementor-element elementor-element-9b46404 elementor-widget-tablet__width-inherit elementor-widget elementor-widget-text-editor\" data-id=\"9b46404\" data-element_type=\"widget\" data-e-type=\"widget\" data-widget_type=\"text-editor.default\">\n\t\t\t\t\t\t\t\t\t<p>Heaton on virolainen yritys, joka on erikoistunut ilma-ilma- ja ilma-vesil\u00e4mp\u00f6pumppujen myyntiin ja asennukseen.<\/p><p>Tavoitteenamme on tarjota jokaiselle asiakkaalle laadukas, luotettava ja energiatehokas ratkaisu kohtuulliseen hintaan.<\/p>\t\t\t\t\t\t\t\t<\/div>\n\t\t\t\t<\/div>\n\t\t\t\t\t<\/div>\n\t\t\t\t<\/div>\n\t\t\t\t<\/div>\n\t\t<div class=\"elementor-element elementor-element-0c81878 e-con-full e-flex e-con e-parent\" data-id=\"0c81878\" data-element_type=\"container\" data-e-type=\"container\">\n\t\t<div class=\"elementor-element elementor-element-19fb858 e-flex e-con-boxed e-con e-child\" data-id=\"19fb858\" data-element_type=\"container\" data-e-type=\"container\">\n\t\t\t\t\t<div class=\"e-con-inner\">\n\t\t<div class=\"elementor-element elementor-element-9c72b71 e-con-full e-flex e-con e-child\" data-id=\"9c72b71\" data-element_type=\"container\" data-e-type=\"container\">\n\t\t\t\t<div class=\"elementor-element elementor-element-6077e7c elementor-widget-tablet__width-inherit elementor-widget elementor-widget-the7-heading\" data-id=\"6077e7c\" data-element_type=\"widget\" data-e-type=\"widget\" data-widget_type=\"the7-heading.default\">\n\t\t\t\t<div class=\"elementor-widget-container\">\n\t\t\t\t\t<h2 class=\"the7-heading-title elementor-size-default\">Tarinamme<\/h2>\t\t\t\t<\/div>\n\t\t\t\t<\/div>\n\t\t\t\t<div class=\"elementor-element elementor-element-80094af elementor-widget-tablet__width-inherit elementor-widget elementor-widget-text-editor\" data-id=\"80094af\" data-element_type=\"widget\" data-e-type=\"widget\" data-widget_type=\"text-editor.default\">\n\t\t\t\t\t\t\t\t\t<p data-start=\"307\" data-end=\"443\">Heaton syntyi yksinkertaisesta ideasta: miksi maksaa enemm\u00e4n, kun yht\u00e4 luotettavia ja laadukkaita ratkaisuja on saatavilla edullisempaan hintaan?<\/p><p data-start=\"445\" data-end=\"738\">Tavoitteenamme on tehd\u00e4 luotettavat ja energiatehokkaat l\u00e4mp\u00f6pumput saataville useampiin virolaisiin koteihin ja yrityksiin \u2013 ammattitaitoisen asennuksen ja vahvan takuun kera.<\/p><p data-start=\"740\" data-end=\"973\">Tarjoamme asiakkaille ratkaisuja, joihin itse uskomme: ilma-ilma- ja ilma-vesilaitteita, jotka ovat osoittautuneet toimiviksi Viron ilmastossa. Tiimimme huolehtii koko prosessista \u2013 oikean laitteen valinnasta aina asennukseen ja j\u00e4lkitukeen asti. <\/p><p data-start=\"975\" data-end=\"1147\">Heaton ei ole pelk\u00e4st\u00e4\u00e4n laitteiden myyj\u00e4; uskomme, ett\u00e4 mukavan l\u00e4mmitysratkaisun ei tarvitse maksaa omaisuuksia.<\/p>\t\t\t\t\t\t\t\t<\/div>\n\t\t\t\t<\/div>\n\t\t<div class=\"elementor-element elementor-element-8ab00cd e-con-full e-flex e-con e-child\" data-id=\"8ab00cd\" data-element_type=\"container\" data-e-type=\"container\">\n\t\t<div class=\"elementor-element elementor-element-fe09a3e e-con-full e-flex e-con e-child\" data-id=\"fe09a3e\" data-element_type=\"container\" data-e-type=\"container\">\n\t\t\t\t<div class=\"elementor-element elementor-element-b29f878 content-align-left the7-hover-visibility-disabled preserve-img-ratio-cover transform-overlay-yes exceeding-frame-yes elementor-widget elementor-widget-the7-image-widget\" data-id=\"b29f878\" data-element_type=\"widget\" data-e-type=\"widget\" data-settings=\"{&quot;hover_visibility&quot;:&quot;disabled&quot;}\" data-widget_type=\"the7-image-widget.default\">\n\t\t\t\t<div class=\"elementor-widget-container\">\n\t\t\t\t\t<div class=\"the7-image-container\"><div class=\"the7-image-wrapper the7-elementor-widget the7-transform-container\"><div class=\"post-thumbnail-rollover layzr-bg img-css-resize-wrapper\"><img decoding=\"async\" width=\"550\" height=\"550\" src=\"data:image\/svg+xml,%3Csvg%20xmlns%3D&#039;http%3A%2F%2Fwww.w3.org%2F2000%2Fsvg&#039;%20viewBox%3D&#039;0%200%20550%20550&#039;%2F%3E\" class=\"attachment-full size-full preload-me aspect lazy lazy-load\" alt=\"\" sizes=\"(max-width: 550px) 100vw, 550px\" style=\"--ratio: 550 \/ 550;\" data-src=\"https:\/\/heaton.ee\/wp-content\/uploads\/2025\/09\/soojuspumba-siseosa-paigaldus-spetsialisti-poolt.png\" loading=\"eager\" data-srcset=\"https:\/\/heaton.ee\/wp-content\/uploads\/2025\/09\/soojuspumba-siseosa-paigaldus-spetsialisti-poolt.png 550w, https:\/\/heaton.ee\/wp-content\/uploads\/2025\/09\/soojuspumba-siseosa-paigaldus-spetsialisti-poolt-300x300.png 300w, https:\/\/heaton.ee\/wp-content\/uploads\/2025\/09\/soojuspumba-siseosa-paigaldus-spetsialisti-poolt-150x150.png 150w, https:\/\/heaton.ee\/wp-content\/uploads\/2025\/09\/soojuspumba-siseosa-paigaldus-spetsialisti-poolt-200x200.png 200w\" \/><\/div><\/div><\/div>\t\t\t\t<\/div>\n\t\t\t\t<\/div>\n\t\t\t\t<\/div>\n\t\t<div class=\"elementor-element elementor-element-50ff003 e-con-full e-flex e-con e-child\" data-id=\"50ff003\" data-element_type=\"container\" data-e-type=\"container\">\n\t\t\t\t<div class=\"elementor-element elementor-element-c605624 elementor-widget__width-initial preserve-img-ratio-contain content-align-left the7-hover-visibility-disabled transform-overlay-yes exceeding-frame-yes elementor-widget elementor-widget-the7-image-widget\" data-id=\"c605624\" data-element_type=\"widget\" data-e-type=\"widget\" data-settings=\"{&quot;hover_visibility&quot;:&quot;disabled&quot;}\" data-widget_type=\"the7-image-widget.default\">\n\t\t\t\t<div class=\"elementor-widget-container\">\n\t\t\t\t\t<div class=\"the7-image-container\"><div class=\"the7-image-wrapper the7-elementor-widget the7-transform-container\"><div class=\"post-thumbnail-rollover layzr-bg img-css-resize-wrapper\"><img decoding=\"async\" width=\"1080\" height=\"1080\" src=\"data:image\/svg+xml,%3Csvg%20xmlns%3D&#039;http%3A%2F%2Fwww.w3.org%2F2000%2Fsvg&#039;%20viewBox%3D&#039;0%200%201080%201080&#039;%2F%3E\" class=\"attachment-full size-full preload-me aspect lazy lazy-load\" alt=\"\" sizes=\"(max-width: 1080px) 100vw, 1080px\" style=\"--ratio: 1080 \/ 1080;\" data-src=\"https:\/\/heaton.ee\/wp-content\/uploads\/2025\/09\/meie-spetsalist-ohk-vesi-soojuspumpa-paigaldamas-.png\" loading=\"eager\" data-srcset=\"https:\/\/heaton.ee\/wp-content\/uploads\/2025\/09\/meie-spetsalist-ohk-vesi-soojuspumpa-paigaldamas-.png 1080w, https:\/\/heaton.ee\/wp-content\/uploads\/2025\/09\/meie-spetsalist-ohk-vesi-soojuspumpa-paigaldamas--300x300.png 300w, https:\/\/heaton.ee\/wp-content\/uploads\/2025\/09\/meie-spetsalist-ohk-vesi-soojuspumpa-paigaldamas--1024x1024.png 1024w, https:\/\/heaton.ee\/wp-content\/uploads\/2025\/09\/meie-spetsalist-ohk-vesi-soojuspumpa-paigaldamas--150x150.png 150w, https:\/\/heaton.ee\/wp-content\/uploads\/2025\/09\/meie-spetsalist-ohk-vesi-soojuspumpa-paigaldamas--768x768.png 768w, https:\/\/heaton.ee\/wp-content\/uploads\/2025\/09\/meie-spetsalist-ohk-vesi-soojuspumpa-paigaldamas--1000x1000.png 1000w, https:\/\/heaton.ee\/wp-content\/uploads\/2025\/09\/meie-spetsalist-ohk-vesi-soojuspumpa-paigaldamas--200x200.png 200w\" \/><\/div><\/div><\/div>\t\t\t\t<\/div>\n\t\t\t\t<\/div>\n\t\t\t\t<div class=\"elementor-element elementor-element-cc89dcb content-align-left the7-hover-visibility-disabled preserve-img-ratio-cover transform-overlay-yes exceeding-frame-yes elementor-widget elementor-widget-the7-image-widget\" data-id=\"cc89dcb\" data-element_type=\"widget\" data-e-type=\"widget\" data-settings=\"{&quot;hover_visibility&quot;:&quot;disabled&quot;}\" data-widget_type=\"the7-image-widget.default\">\n\t\t\t\t<div class=\"elementor-widget-container\">\n\t\t\t\t\t<div class=\"the7-image-container\"><div class=\"the7-image-wrapper the7-elementor-widget the7-transform-container\"><div class=\"post-thumbnail-rollover layzr-bg img-css-resize-wrapper\"><img decoding=\"async\" width=\"888\" height=\"604\" src=\"data:image\/svg+xml,%3Csvg%20xmlns%3D&#039;http%3A%2F%2Fwww.w3.org%2F2000%2Fsvg&#039;%20viewBox%3D&#039;0%200%20888%20604&#039;%2F%3E\" class=\"attachment-full size-full preload-me aspect lazy lazy-load\" alt=\"\" sizes=\"(max-width: 888px) 100vw, 888px\" style=\"--ratio: 888 \/ 604;\" data-src=\"https:\/\/heaton.ee\/wp-content\/uploads\/2025\/08\/830.png\" loading=\"eager\" data-srcset=\"https:\/\/heaton.ee\/wp-content\/uploads\/2025\/08\/830.png 888w, https:\/\/heaton.ee\/wp-content\/uploads\/2025\/08\/830-600x408.png 600w, https:\/\/heaton.ee\/wp-content\/uploads\/2025\/08\/830-300x204.png 300w, https:\/\/heaton.ee\/wp-content\/uploads\/2025\/08\/830-768x522.png 768w\" \/><\/div><\/div><\/div>\t\t\t\t<\/div>\n\t\t\t\t<\/div>\n\t\t\t\t<\/div>\n\t\t\t\t<\/div>\n\t\t\t\t\t<\/div>\n\t\t\t\t<\/div>\n\t\t\t\t<\/div>\n\t\t<div class=\"elementor-element elementor-element-832ee6e e-con-full e-flex e-con e-parent\" data-id=\"832ee6e\" data-element_type=\"container\" data-e-type=\"container\">\n\t\t<div class=\"elementor-element elementor-element-b4d6d08 e-flex e-con-boxed e-con e-child\" data-id=\"b4d6d08\" data-element_type=\"container\" data-e-type=\"container\">\n\t\t\t\t\t<div class=\"e-con-inner\">\n\t\t\t\t<div class=\"elementor-element elementor-element-a4271f2 elementor-widget__width-initial preserve-img-ratio-contain content-align-left the7-hover-visibility-disabled transform-overlay-yes exceeding-frame-yes elementor-widget elementor-widget-the7-image-widget\" data-id=\"a4271f2\" data-element_type=\"widget\" data-e-type=\"widget\" data-settings=\"{&quot;hover_visibility&quot;:&quot;disabled&quot;}\" data-widget_type=\"the7-image-widget.default\">\n\t\t\t\t<div class=\"elementor-widget-container\">\n\t\t\t\t\t<div class=\"the7-image-container\"><div class=\"the7-image-wrapper the7-elementor-widget the7-transform-container\"><div class=\"post-thumbnail-rollover layzr-bg img-css-resize-wrapper\"><img decoding=\"async\" width=\"1116\" height=\"1070\" src=\"data:image\/svg+xml,%3Csvg%20xmlns%3D&#039;http%3A%2F%2Fwww.w3.org%2F2000%2Fsvg&#039;%20viewBox%3D&#039;0%200%201116%201070&#039;%2F%3E\" class=\"attachment-full size-full preload-me aspect lazy lazy-load\" alt=\"\" sizes=\"(max-width: 1116px) 100vw, 1116px\" style=\"--ratio: 1116 \/ 1070;\" data-src=\"https:\/\/heaton.ee\/wp-content\/uploads\/2025\/08\/SEVRA-air-conditioner-catalogue-2025.pdf-image-061.jpg\" loading=\"eager\" data-srcset=\"https:\/\/heaton.ee\/wp-content\/uploads\/2025\/08\/SEVRA-air-conditioner-catalogue-2025.pdf-image-061.jpg 1116w, https:\/\/heaton.ee\/wp-content\/uploads\/2025\/08\/SEVRA-air-conditioner-catalogue-2025.pdf-image-061-1000x959.jpg 1000w, https:\/\/heaton.ee\/wp-content\/uploads\/2025\/08\/SEVRA-air-conditioner-catalogue-2025.pdf-image-061-300x288.jpg 300w, https:\/\/heaton.ee\/wp-content\/uploads\/2025\/08\/SEVRA-air-conditioner-catalogue-2025.pdf-image-061-1024x982.jpg 1024w, https:\/\/heaton.ee\/wp-content\/uploads\/2025\/08\/SEVRA-air-conditioner-catalogue-2025.pdf-image-061-768x736.jpg 768w\" \/><\/div><\/div><\/div>\t\t\t\t<\/div>\n\t\t\t\t<\/div>\n\t\t<div class=\"elementor-element elementor-element-729ef2c e-con-full e-flex e-con e-child\" data-id=\"729ef2c\" data-element_type=\"container\" data-e-type=\"container\">\n\t\t\t\t<div class=\"elementor-element elementor-element-1a73f79 elementor-widget-tablet__width-inherit elementor-widget elementor-widget-the7-heading\" data-id=\"1a73f79\" data-element_type=\"widget\" data-e-type=\"widget\" data-widget_type=\"the7-heading.default\">\n\t\t\t\t<div class=\"elementor-widget-container\">\n\t\t\t\t\t<h2 class=\"the7-heading-title elementor-size-default\">Arvomme<\/h2>\t\t\t\t<\/div>\n\t\t\t\t<\/div>\n\t\t\t\t<div class=\"elementor-element elementor-element-1740a04 elementor-icon-list--layout-traditional elementor-list-item-link-full_width elementor-widget elementor-widget-icon-list\" data-id=\"1740a04\" data-element_type=\"widget\" data-e-type=\"widget\" data-widget_type=\"icon-list.default\">\n\t\t\t\t\t\t\t<ul class=\"elementor-icon-list-items\">\n\t\t\t\t\t\t\t<li class=\"elementor-icon-list-item\">\n\t\t\t\t\t\t\t\t\t\t\t<span class=\"elementor-icon-list-icon\">\n\t\t\t\t\t\t\t<svg xmlns=\"http:\/\/www.w3.org\/2000\/svg\" width=\"56\" height=\"56\" fill=\"#000000\" viewBox=\"0 0 256 256\"><path d=\"M232.49,80.49l-128,128a12,12,0,0,1-17,0l-56-56a12,12,0,1,1,17-17L96,183,215.51,63.51a12,12,0,0,1,17,17Z\"><\/path><\/svg>\t\t\t\t\t\t<\/span>\n\t\t\t\t\t\t\t\t\t\t<span class=\"elementor-icon-list-text\">Asiakaskeskeinen l\u00e4hestymistapa<\/span>\n\t\t\t\t\t\t\t\t\t<\/li>\n\t\t\t\t\t\t\t\t<li class=\"elementor-icon-list-item\">\n\t\t\t\t\t\t\t\t\t\t\t<span class=\"elementor-icon-list-icon\">\n\t\t\t\t\t\t\t<svg xmlns=\"http:\/\/www.w3.org\/2000\/svg\" width=\"56\" height=\"56\" fill=\"#000000\" viewBox=\"0 0 256 256\"><path d=\"M232.49,80.49l-128,128a12,12,0,0,1-17,0l-56-56a12,12,0,1,1,17-17L96,183,215.51,63.51a12,12,0,0,1,17,17Z\"><\/path><\/svg>\t\t\t\t\t\t<\/span>\n\t\t\t\t\t\t\t\t\t\t<span class=\"elementor-icon-list-text\">Rehellisyys<\/span>\n\t\t\t\t\t\t\t\t\t<\/li>\n\t\t\t\t\t\t\t\t<li class=\"elementor-icon-list-item\">\n\t\t\t\t\t\t\t\t\t\t\t<span class=\"elementor-icon-list-icon\">\n\t\t\t\t\t\t\t<svg xmlns=\"http:\/\/www.w3.org\/2000\/svg\" width=\"56\" height=\"56\" fill=\"#000000\" viewBox=\"0 0 256 256\"><path d=\"M232.49,80.49l-128,128a12,12,0,0,1-17,0l-56-56a12,12,0,1,1,17-17L96,183,215.51,63.51a12,12,0,0,1,17,17Z\"><\/path><\/svg>\t\t\t\t\t\t<\/span>\n\t\t\t\t\t\t\t\t\t\t<span class=\"elementor-icon-list-text\">Edulliset ratkaisut<\/span>\n\t\t\t\t\t\t\t\t\t<\/li>\n\t\t\t\t\t\t\t\t<li class=\"elementor-icon-list-item\">\n\t\t\t\t\t\t\t\t\t\t\t<span class=\"elementor-icon-list-icon\">\n\t\t\t\t\t\t\t<svg xmlns=\"http:\/\/www.w3.org\/2000\/svg\" width=\"56\" height=\"56\" fill=\"#000000\" viewBox=\"0 0 256 256\"><path d=\"M232.49,80.49l-128,128a12,12,0,0,1-17,0l-56-56a12,12,0,1,1,17-17L96,183,215.51,63.51a12,12,0,0,1,17,17Z\"><\/path><\/svg>\t\t\t\t\t\t<\/span>\n\t\t\t\t\t\t\t\t\t\t<span class=\"elementor-icon-list-text\">Luotettavat laitteet<\/span>\n\t\t\t\t\t\t\t\t\t<\/li>\n\t\t\t\t\t\t<\/ul>\n\t\t\t\t\t\t<\/div>\n\t\t\t\t<div class=\"elementor-element elementor-element-2fe3c08 elementor-widget-tablet__width-inherit elementor-widget elementor-widget-text-editor\" data-id=\"2fe3c08\" data-element_type=\"widget\" data-e-type=\"widget\" data-widget_type=\"text-editor.default\">\n\t\t\t\t\t\t\t\t\t<p>Heaton on k\u00e4yt\u00e4nn\u00f6llinen valinta asiakkaalle, joka etsii tasapainoa hinnan ja laadun v\u00e4lill\u00e4. Emme usko ylihintaan \u2013 uskomme ratkaisuihin, jotka tuovat mukavuutta, energians\u00e4\u00e4st\u00f6\u00e4 ja mielenrauhaa. <\/p>\t\t\t\t\t\t\t\t<\/div>\n\t\t\t\t<\/div>\n\t\t\t\t\t<\/div>\n\t\t\t\t<\/div>\n\t\t\t\t<\/div>\n\t\t<div class=\"elementor-element elementor-element-fae3b99 e-flex e-con-boxed e-con e-parent\" data-id=\"fae3b99\" data-element_type=\"container\" data-e-type=\"container\">\n\t\t\t\t\t<div class=\"e-con-inner\">\n\t\t<div class=\"elementor-element elementor-element-e157324 e-flex e-con-boxed e-con e-child\" data-id=\"e157324\" data-element_type=\"container\" data-e-type=\"container\" data-settings=\"{&quot;background_background&quot;:&quot;classic&quot;}\">\n\t\t\t\t\t<div class=\"e-con-inner\">\n\t\t<div class=\"elementor-element elementor-element-88c267a e-con-full e-flex e-con e-child\" data-id=\"88c267a\" data-element_type=\"container\" data-e-type=\"container\">\n\t\t\t\t<div class=\"elementor-element elementor-element-6dfc021 elementor-widget elementor-widget-heading\" data-id=\"6dfc021\" data-element_type=\"widget\" data-e-type=\"widget\" data-widget_type=\"heading.default\">\n\t\t\t\t\t<h2 class=\"elementor-heading-title elementor-size-default\">Ota meihin yhteytt\u00e4<\/h2>\t\t\t\t<\/div>\n\t\t<div class=\"elementor-element elementor-element-378e09a e-con-full e-flex e-con e-child\" data-id=\"378e09a\" data-element_type=\"container\" data-e-type=\"container\">\n\t\t\t\t<div class=\"elementor-element elementor-element-f6f9cb5 elementor-widget__width-inherit elementor-button-align-stretch elementor-widget elementor-widget-form\" data-id=\"f6f9cb5\" data-element_type=\"widget\" data-e-type=\"widget\" data-settings=\"{&quot;step_next_label&quot;:&quot;Seuraava&quot;,&quot;step_previous_label&quot;:&quot;Edellinen&quot;,&quot;button_width&quot;:&quot;100&quot;,&quot;step_type&quot;:&quot;number_text&quot;,&quot;step_icon_shape&quot;:&quot;circle&quot;}\" data-widget_type=\"form.default\">\n\t\t\t\t\t\t\t<form class=\"elementor-form\" method=\"post\" name=\"Yhteydenottolomake\" aria-label=\"Yhteydenottolomake\">\n\t\t\t<input type=\"hidden\" name=\"post_id\" value=\"20513\"\/>\n\t\t\t<input type=\"hidden\" name=\"form_id\" value=\"f6f9cb5\"\/>\n\t\t\t<input type=\"hidden\" name=\"referer_title\" value=\"Tietoa yrityksest\u00e4\" \/>\n\n\t\t\t\t\t\t\t<input type=\"hidden\" name=\"queried_id\" value=\"20513\"\/>\n\t\t\t\n\t\t\t<div class=\"elementor-form-fields-wrapper elementor-labels-above\">\n\t\t\t\t\t\t\t\t<div class=\"elementor-field-type-text elementor-field-group elementor-column elementor-field-group-name elementor-col-100 elementor-field-required elementor-mark-required\">\n\t\t\t\t\t\t\t\t\t\t\t\t<label for=\"form-field-name\" class=\"elementor-field-label\">\n\t\t\t\t\t\t\t\tNimi\t\t\t\t\t\t\t<\/label>\n\t\t\t\t\t\t\t\t\t\t\t\t\t\t<input size=\"1\" type=\"text\" name=\"form_fields[name]\" id=\"form-field-name\" class=\"elementor-field elementor-size-md  elementor-field-textual\" required=\"required\">\n\t\t\t\t\t\t\t\t\t\t\t<\/div>\n\t\t\t\t\t\t\t\t<div class=\"elementor-field-type-email elementor-field-group elementor-column elementor-field-group-email elementor-col-100 elementor-field-required elementor-mark-required\">\n\t\t\t\t\t\t\t\t\t\t\t\t<label for=\"form-field-email\" class=\"elementor-field-label\">\n\t\t\t\t\t\t\t\tS\u00e4hk\u00f6posti\t\t\t\t\t\t\t<\/label>\n\t\t\t\t\t\t\t\t\t\t\t\t\t\t<input size=\"1\" type=\"email\" name=\"form_fields[email]\" id=\"form-field-email\" class=\"elementor-field elementor-size-md  elementor-field-textual\" required=\"required\">\n\t\t\t\t\t\t\t\t\t\t\t<\/div>\n\t\t\t\t\t\t\t\t<div class=\"elementor-field-type-tel elementor-field-group elementor-column elementor-field-group-field_7a2f354 elementor-col-100 elementor-field-required elementor-mark-required\">\n\t\t\t\t\t\t\t\t\t\t\t\t<label for=\"form-field-field_7a2f354\" class=\"elementor-field-label\">\n\t\t\t\t\t\t\t\tPuhelin\t\t\t\t\t\t\t<\/label>\n\t\t\t\t\t\t\t\t<input size=\"1\" type=\"tel\" name=\"form_fields[field_7a2f354]\" id=\"form-field-field_7a2f354\" class=\"elementor-field elementor-size-md  elementor-field-textual\" required=\"required\" pattern=\"[0-9()#&amp;+*-=.]+\" title=\"Only numbers and phone characters (#, -, *, etc) are accepted.\">\n\n\t\t\t\t\t\t<\/div>\n\t\t\t\t\t\t\t\t<div class=\"elementor-field-type-text elementor-field-group elementor-column elementor-field-group-field_55ffc33 elementor-col-100 elementor-field-required elementor-mark-required\">\n\t\t\t\t\t\t\t\t\t\t\t\t<label for=\"form-field-field_55ffc33\" class=\"elementor-field-label\">\n\t\t\t\t\t\t\t\tOsoite\t\t\t\t\t\t\t<\/label>\n\t\t\t\t\t\t\t\t\t\t\t\t\t\t<input size=\"1\" type=\"text\" name=\"form_fields[field_55ffc33]\" id=\"form-field-field_55ffc33\" class=\"elementor-field elementor-size-md  elementor-field-textual\" required=\"required\">\n\t\t\t\t\t\t\t\t\t\t\t<\/div>\n\t\t\t\t\t\t\t\t<div class=\"elementor-field-type-textarea elementor-field-group elementor-column elementor-field-group-message elementor-col-100\">\n\t\t\t\t\t\t\t\t\t\t\t\t<label for=\"form-field-message\" class=\"elementor-field-label\">\n\t\t\t\t\t\t\t\tViesti\t\t\t\t\t\t\t<\/label>\n\t\t\t\t\t\t<textarea class=\"elementor-field-textual elementor-field  elementor-size-md\" name=\"form_fields[message]\" id=\"form-field-message\" rows=\"6\"><\/textarea>\t\t\t\t<\/div>\n\t\t\t\t\t\t\t\t<div class=\"elementor-field-type-recaptcha_v3 elementor-field-group elementor-column elementor-field-group-field_5814576 elementor-col-100 recaptcha_v3-bottomleft\">\n\t\t\t\t\t<div class=\"elementor-field\" id=\"form-field-field_5814576\"><\/div>\t\t\t\t<\/div>\n\t\t\t\t\t\t\t\t<div class=\"elementor-field-group elementor-column elementor-field-type-submit elementor-col-100 e-form__buttons\">\n\t\t\t\t\t<button class=\"elementor-button elementor-size-lg\" type=\"submit\">\n\t\t\t\t\t\t<span class=\"elementor-button-content-wrapper\">\n\t\t\t\t\t\t\t\t\t\t\t\t\t\t\t\t\t\t\t\t\t\t<span class=\"elementor-button-text\">L\u00e4het\u00e4<\/span>\n\t\t\t\t\t\t\t\t\t\t\t\t\t<\/span>\n\t\t\t\t\t<\/button>\n\t\t\t\t<\/div>\n\t\t\t<\/div>\n\t\t<\/form>\n\t\t\t\t\t\t<\/div>\n\t\t\t\t<\/div>\n\t\t\t\t<\/div>\n\t\t\t\t\t<\/div>\n\t\t\t\t<\/div>\n\t\t\t\t\t<\/div>\n\t\t\t\t<\/div>\n\t\t\t\t<\/div>\n\t\t","protected":false},"excerpt":{"rendered":"<p>Keit\u00e4 olemme Heaton on virolainen yritys, joka on erikoistunut ilma-ilma- ja ilma-vesil\u00e4mp\u00f6pumppujen myyntiin ja asennukseen. Tavoitteenamme on tarjota jokaiselle asiakkaalle laadukas, luotettava ja energiatehokas ratkaisu kohtuulliseen hintaan. Tarinamme Heaton syntyi yksinkertaisesta ideasta: miksi maksaa enemm\u00e4n, kun yht\u00e4 luotettavia ja laadukkaita ratkaisuja on saatavilla edullisempaan hintaan? Tavoitteenamme on tehd\u00e4 luotettavat ja energiatehokkaat l\u00e4mp\u00f6pumput saataville useampiin virolaisiin&hellip;<\/p>\n","protected":false},"author":1,"featured_media":0,"parent":0,"menu_order":0,"comment_status":"closed","ping_status":"closed","template":"","meta":{"footnotes":""},"class_list":["post-20513","page","type-page","status-publish","hentry"],"_links":{"self":[{"href":"https:\/\/heaton.ee\/fi\/wp-json\/wp\/v2\/pages\/20513","targetHints":{"allow":["GET"]}}],"collection":[{"href":"https:\/\/heaton.ee\/fi\/wp-json\/wp\/v2\/pages"}],"about":[{"href":"https:\/\/heaton.ee\/fi\/wp-json\/wp\/v2\/types\/page"}],"author":[{"embeddable":true,"href":"https:\/\/heaton.ee\/fi\/wp-json\/wp\/v2\/users\/1"}],"replies":[{"embeddable":true,"href":"https:\/\/heaton.ee\/fi\/wp-json\/wp\/v2\/comments?post=20513"}],"version-history":[{"count":1,"href":"https:\/\/heaton.ee\/fi\/wp-json\/wp\/v2\/pages\/20513\/revisions"}],"predecessor-version":[{"id":20517,"href":"https:\/\/heaton.ee\/fi\/wp-json\/wp\/v2\/pages\/20513\/revisions\/20517"}],"wp:attachment":[{"href":"https:\/\/heaton.ee\/fi\/wp-json\/wp\/v2\/media?parent=20513"}],"curies":[{"name":"wp","href":"https:\/\/api.w.org\/{rel}","templated":true}]}}