{"id":21058,"date":"2026-03-08T17:44:22","date_gmt":"2026-03-08T17:44:22","guid":{"rendered":"https:\/\/heaton.ee\/asennustiedot\/"},"modified":"2026-03-19T16:32:44","modified_gmt":"2026-03-19T16:32:44","slug":"asennustiedot","status":"publish","type":"page","link":"https:\/\/heaton.ee\/fi\/asennustiedot\/","title":{"rendered":"Asennustiedot"},"content":{"rendered":"\t\t<div data-elementor-type=\"wp-page\" data-elementor-id=\"21058\" class=\"elementor elementor-21058 elementor-20691\" data-elementor-post-type=\"page\">\n\t\t\t\t<div class=\"elementor-element elementor-element-43f77832 e-flex e-con-boxed e-con e-parent\" data-id=\"43f77832\" data-element_type=\"container\" data-e-type=\"container\">\n\t\t\t\t\t<div class=\"e-con-inner\">\n\t\t\t\t<div class=\"elementor-element elementor-element-1029fdcd elementor-widget elementor-widget-text-editor\" data-id=\"1029fdcd\" data-element_type=\"widget\" data-e-type=\"widget\" data-widget_type=\"text-editor.default\">\n\t\t\t\t\t\t\t\t\t<h1 class=\"wp-block-heading\"><span style=\"font-weight: normal;\">Ilma-vesil\u00e4mp\u00f6pumpun asennustiedot<\/span><\/h1>\n<p><strong>Ilma-vesil\u00e4mp\u00f6pumpun vakioasennuksen hinta (1 290 \u20ac) sis\u00e4lt\u00e4\u00e4 seuraavat:<\/strong><\/p>\n<ul class=\"wp-block-list\">\n<li>Laitteen kuljetus kohteeseen<\/li>\n<li>Vakioasennuksen kulutustarvikkeet<\/li>\n<li>Laitteen k\u00e4ytt\u00f6\u00f6notto ja opastus<\/li>\n<li>Sis\u00e4- ja ulkoyksik\u00f6n v\u00e4linen putkisto 10 jm asti<\/li>\n<li>Ulkoyksik\u00f6n asennus maatelineelle<\/li>\n<li>Enint\u00e4\u00e4n \u00d870 mm aukon poraus ulkosein\u00e4\u00e4n (sein\u00e4n paksuus enint\u00e4\u00e4n 60 cm)<\/li>\n<li>Kotelo ja suojaletku kylm\u00e4aineputkistolle 3 jm asti<\/li>\n<li>L\u00e4mmitysputkiston asennus teknisess\u00e4 tilassa<\/li>\n<li>Paisuntas\u00e4ili\u00f6 \u2013 1 kpl enint\u00e4\u00e4n 18 l (k\u00e4ytt\u00f6vesivaraajalla varustetun paketin yhteydess\u00e4)<\/li>\n<li>L\u00e4mmitysj\u00e4rjestelm\u00e4n t\u00e4ytt\u00f6<\/li>\n<li>S\u00e4hk\u00f6nsy\u00f6tt\u00f6 laitteelle (enint\u00e4\u00e4n 5 m)<\/li>\n<\/ul>\n<p><strong>Vakioasennuksen hinta ei sis\u00e4ll\u00e4:<\/strong><\/p>\n<ul class=\"wp-block-list\">\n<li>J\u00e4\u00e4tymissuojattua viem\u00e4r\u00f6inti\u00e4<\/li>\n<li>Betonista aluslaattaa ulkoyksik\u00f6n alle<\/li>\n<li>L\u00e4mp\u00f6pumpun ulkoisia s\u00e4hk\u00f6t\u00f6it\u00e4 ja tarvikkeita<\/li>\n<li>Vanhan j\u00e4rjestelm\u00e4n purkua ja h\u00e4vitt\u00e4mist\u00e4<\/li>\n<li>Projektidokumentaatiota ja toteutuspiirustuksia<\/li>\n<li>K\u00e4ytt\u00f6vesivaraajaa ja varaajaa asennuksineen<\/li>\n<\/ul>\n<h2 class=\"wp-block-heading\"><span style=\"font-weight: normal;\">Lis\u00e4t\u00f6iden arvioidut hinnat<\/span><\/h2>\n<p>S\u00e4hk\u00f6keskus ilma-vesil\u00e4mp\u00f6pumpun kytkemist\u00e4 varten &#8211; alkaen 200 \u20ac<br>Varaajan asennus tarvikkeineen (<em>ei sis\u00e4ll\u00e4 varaajaa) <\/em>&#8211; alkaen 700 \u20ac<br>Akkuvaraajan asennus tarvikkeineen (<em>ei sis\u00e4ll\u00e4 akkuvaraajaa) <\/em>&#8211; alkaen <em>400<\/em> \u20ac<br>Kiertovesipumpun asennus tarvikkeineen (<em>ei sis\u00e4ll\u00e4 pumppua)<\/em> &#8211; alkaen 100 \u20ac<br>Lattial\u00e4mmityksen jakotukin asennus &#8211; alkaen 100 \u20ac<\/p>\n<h1 class=\"wp-block-heading\"><span style=\"font-weight: normal;\">Ilmal\u00e4mp\u00f6pumpun asennustiedot<\/span><\/h1>\n<p><strong>Ilmal\u00e4mp\u00f6pumpun vakioasennuksen hinta (alkaen 400 \u20ac) sis\u00e4lt\u00e4\u00e4 seuraavat:<\/strong><\/p>\n<ul class=\"wp-block-list\">\n<li>Sis\u00e4yksik\u00f6n asennus<\/li>\n<li>Ulkoyksik\u00f6n asennus enint\u00e4\u00e4n 2 m korkeuteen maasta sein\u00e4telineelle<\/li>\n<li>Sis\u00e4- ja ulkoyksik\u00f6n v\u00e4linen yhdysputki ja s\u00e4hk\u00f6kaapeli enint\u00e4\u00e4n 6 m<\/li>\n<li>Ulkoyksik\u00f6n sein\u00e4kiinnike ja kumivaimennin<\/li>\n<li>Muovinen suojakotelo putkille\/johdoille enint\u00e4\u00e4n 2 m<\/li>\n<li>Yhden sein\u00e4n l\u00e4pivienti (enint\u00e4\u00e4n 60 cm paksuus)<\/li>\n<li>S\u00e4hk\u00f6nsy\u00f6tt\u00f6 laitteelle (enint\u00e4\u00e4n 4 m)<\/li>\n<li>Laitteen k\u00e4ytt\u00f6\u00f6notto ja opastus<\/li>\n<\/ul>\n<p><strong>Vakioasennuksen hinta ei sis\u00e4ll\u00e4:<\/strong><\/p>\n<ul class=\"wp-block-list\">\n<li>Betonista aluslaattaa ulkoyksik\u00f6n alle<\/li>\n<li>Maatelinetta<\/li>\n<li>Pidempi\u00e4 putkistoja ja koteloita<\/li>\n<li>Automaattisulakkeen asennusta ja sy\u00f6tt\u00f6kaapelin kytkent\u00e4\u00e4 s\u00e4hk\u00f6keskukseen<\/li>\n<li>Vanhan laitteen purkua ja h\u00e4vitt\u00e4mist\u00e4<\/li>\n<li>Projektidokumentaatiota ja toteutuspiirustuksia<\/li>\n<li>Yleisrakennust\u00f6it\u00e4<\/li>\n<li>Kylm\u00e4aineen lis\u00e4yst\u00e4<\/li>\n<li>Henkil\u00f6nostimen k\u00e4ytt\u00f6\u00e4<\/li>\n<li>Kondenssivesipumppua ja liitt\u00e4mist\u00e4 viem\u00e4r\u00f6intiin<\/li>\n<\/ul>\t\t\t\t\t\t\t\t<\/div>\n\t\t\t\t\t<\/div>\n\t\t\t\t<\/div>\n\t\t\t\t<\/div>\n\t\t","protected":false},"excerpt":{"rendered":"<p>Ilma-vesil\u00e4mp\u00f6pumpun asennustiedot Ilma-vesil\u00e4mp\u00f6pumpun vakioasennuksen hinta (1 290 \u20ac) sis\u00e4lt\u00e4\u00e4 seuraavat: Laitteen kuljetus kohteeseen Vakioasennuksen kulutustarvikkeet Laitteen k\u00e4ytt\u00f6\u00f6notto ja opastus Sis\u00e4- ja ulkoyksik\u00f6n v\u00e4linen putkisto 10 jm asti Ulkoyksik\u00f6n asennus maatelineelle Enint\u00e4\u00e4n \u00d870 mm aukon poraus ulkosein\u00e4\u00e4n (sein\u00e4n paksuus enint\u00e4\u00e4n 60 cm) Kotelo ja suojaletku kylm\u00e4aineputkistolle 3 jm asti L\u00e4mmitysputkiston asennus teknisess\u00e4 tilassa Paisuntas\u00e4ili\u00f6 \u2013 1&hellip;<\/p>\n","protected":false},"author":1,"featured_media":0,"parent":0,"menu_order":0,"comment_status":"closed","ping_status":"closed","template":"","meta":{"footnotes":""},"class_list":["post-21058","page","type-page","status-publish","hentry"],"_links":{"self":[{"href":"https:\/\/heaton.ee\/fi\/wp-json\/wp\/v2\/pages\/21058","targetHints":{"allow":["GET"]}}],"collection":[{"href":"https:\/\/heaton.ee\/fi\/wp-json\/wp\/v2\/pages"}],"about":[{"href":"https:\/\/heaton.ee\/fi\/wp-json\/wp\/v2\/types\/page"}],"author":[{"embeddable":true,"href":"https:\/\/heaton.ee\/fi\/wp-json\/wp\/v2\/users\/1"}],"replies":[{"embeddable":true,"href":"https:\/\/heaton.ee\/fi\/wp-json\/wp\/v2\/comments?post=21058"}],"version-history":[{"count":1,"href":"https:\/\/heaton.ee\/fi\/wp-json\/wp\/v2\/pages\/21058\/revisions"}],"predecessor-version":[{"id":21059,"href":"https:\/\/heaton.ee\/fi\/wp-json\/wp\/v2\/pages\/21058\/revisions\/21059"}],"wp:attachment":[{"href":"https:\/\/heaton.ee\/fi\/wp-json\/wp\/v2\/media?parent=21058"}],"curies":[{"name":"wp","href":"https:\/\/api.w.org\/{rel}","templated":true}]}}