{"id":20427,"date":"2025-09-04T12:50:28","date_gmt":"2025-09-04T12:50:28","guid":{"rendered":"https:\/\/heaton.ee\/tooted\/Ei-luokiteltu\/panasonic-aquarea-12-kw-t-cap-185l-kayttovesivaraajalla\/"},"modified":"2025-11-03T09:21:05","modified_gmt":"2025-11-03T09:21:05","slug":"panasonic-aquarea-12-kw-t-cap-185l-kayttovesivaraajalla","status":"publish","type":"product","link":"https:\/\/heaton.ee\/fi\/tuotteet\/ilma-vesilampopumput\/panasonic\/panasonic-aquarea-12-kw-t-cap-185l-kayttovesivaraajalla\/","title":{"rendered":"Panasonic Aquarea 12 kW T-CAP 185L k\u00e4ytt\u00f6vesivaraajalla"},"content":{"rendered":"<h3>Lis\u00e4tiedot<\/h3>\n<p><a href=\"https:\/\/heaton.ee\/wp-content\/uploads\/2025\/09\/Panasonic-tooteleht.pdf\" target=\"_blank\" rel=\"noopener\">Panasonic tuoteluettelo<\/a><\/p>\n","protected":false},"excerpt":{"rendered":"<ul>\n<li style=\"font-weight: 400;\" aria-level=\"1\"><span style=\"font-weight: 400;\">Takuu 5 vuotta <\/span><\/li>\n<li style=\"font-weight: 400;\" aria-level=\"1\"><span style=\"font-weight: 400;\">L\u00e4mmitysala jopa (m\u00b2): 270<\/span><\/li>\n<li style=\"font-weight: 400;\" aria-level=\"1\"><span style=\"font-weight: 400;\">SCOP-hy\u00f6tysuhde: 4,58<\/span><\/li>\n<li style=\"font-weight: 400;\" aria-level=\"1\"><span style=\"font-weight: 400;\">Taattu l\u00e4mmitys ulkol\u00e4mp\u00f6tilaan asti: -28\u00b0C<\/span><\/li>\n<li style=\"font-weight: 400;\" aria-level=\"1\"><span style=\"font-weight: 400;\">Energiatehokkuusluokka l\u00e4mmityksess\u00e4: A+++<\/span><\/li>\n<\/ul>\n","protected":false},"featured_media":20410,"template":"","meta":[],"product_brand":[],"product_cat":[276,278],"product_tag":[],"class_list":{"0":"post-20427","1":"product","2":"type-product","3":"status-publish","4":"has-post-thumbnail","6":"product_cat-ilma-vesilampopumput","7":"product_cat-panasonic","8":"description-off","10":"first","11":"instock","12":"sale","13":"shipping-taxable","14":"purchasable","15":"product-type-simple"},"_links":{"self":[{"href":"https:\/\/heaton.ee\/fi\/wp-json\/wp\/v2\/product\/20427","targetHints":{"allow":["GET"]}}],"collection":[{"href":"https:\/\/heaton.ee\/fi\/wp-json\/wp\/v2\/product"}],"about":[{"href":"https:\/\/heaton.ee\/fi\/wp-json\/wp\/v2\/types\/product"}],"wp:featuredmedia":[{"embeddable":true,"href":"https:\/\/heaton.ee\/fi\/wp-json\/wp\/v2\/media\/20410"}],"wp:attachment":[{"href":"https:\/\/heaton.ee\/fi\/wp-json\/wp\/v2\/media?parent=20427"}],"wp:term":[{"taxonomy":"product_brand","embeddable":true,"href":"https:\/\/heaton.ee\/fi\/wp-json\/wp\/v2\/product_brand?post=20427"},{"taxonomy":"product_cat","embeddable":true,"href":"https:\/\/heaton.ee\/fi\/wp-json\/wp\/v2\/product_cat?post=20427"},{"taxonomy":"product_tag","embeddable":true,"href":"https:\/\/heaton.ee\/fi\/wp-json\/wp\/v2\/product_tag?post=20427"}],"curies":[{"name":"wp","href":"https:\/\/api.w.org\/{rel}","templated":true}]}}