{"id":20441,"date":"2025-09-18T15:12:17","date_gmt":"2025-09-18T15:12:17","guid":{"rendered":"https:\/\/heaton.ee\/tooted\/Ei-luokiteltu\/alpicair-r290-maxx-30-kw\/"},"modified":"2025-09-18T15:12:17","modified_gmt":"2025-09-18T15:12:17","slug":"alpicair-r290-maxx-30-kw","status":"publish","type":"product","link":"https:\/\/heaton.ee\/fi\/tuotteet\/ilma-vesilampopumput\/teolliset-lampopumput\/alpicair-r290-maxx-30-kw\/","title":{"rendered":"AlpicAir R290 MAXX 30 kW"},"content":{"rendered":"<h3>Lis\u00e4tiedot<\/h3>\n<p><a href=\"https:\/\/heaton.ee\/wp-content\/uploads\/2025\/09\/AlpicAir_MAXX_2025-brochure.pdf\" target=\"_blank\" rel=\"noopener\">Tekniset tiedot<\/a><\/p>\n","protected":false},"excerpt":{"rendered":"<ul>\n<li style=\"font-weight: 400;\" aria-level=\"1\"><span style=\"font-weight: 400;\">Kaskadiohjaus jopa 180 kW<\/span><\/li>\n<li style=\"font-weight: 400;\" aria-level=\"1\"><span style=\"font-weight: 400;\">Kylm\u00e4aine R290<\/span><\/li>\n<li style=\"font-weight: 400;\" aria-level=\"1\"><span style=\"font-weight: 400;\">Ulosvirtaavan veden maksimil\u00e4mp\u00f6tila 85 \u00b0C<\/span><\/li>\n<li style=\"font-weight: 400;\" aria-level=\"1\"><span style=\"font-weight: 400;\">L\u00e4mmityspinta-ala jopa (m\u00b2): 600-3600<\/span><\/li>\n<li style=\"font-weight: 400;\" aria-level=\"1\"><span style=\"font-weight: 400;\">Hy\u00f6tysuhde COP: 4,5<\/span><\/li>\n<li style=\"font-weight: 400;\" aria-level=\"1\"><span style=\"font-weight: 400;\">Taattu l\u00e4mmitys ulkol\u00e4mp\u00f6tilaan asti: -25 \u00b0C<\/span><\/li>\n<li style=\"font-weight: 400;\" aria-level=\"1\"><span style=\"font-weight: 400;\">Energiatehokkuusluokka l\u00e4mmityksess\u00e4: A+++<\/span><\/li>\n<\/ul>\n<p>&nbsp;<\/p>\n<p><span style=\"font-weight: 400;\">Lis\u00e4varusteena on mahdollista asentaa j\u00e4\u00e4tymisenestoj\u00e4rjestelm\u00e4, joka takaa jopa 12 tunnin suojan ilman PG:t\u00e4, EG:t\u00e4 ja alkoholia, lis\u00e4l\u00e4mm\u00f6nvaihtimia tai tyhjennysventtiilej\u00e4.<\/span><\/p>\n","protected":false},"featured_media":20440,"template":"","meta":[],"product_brand":[],"product_cat":[261],"product_tag":[],"class_list":{"0":"post-20441","1":"product","2":"type-product","3":"status-publish","4":"has-post-thumbnail","6":"product_cat-teolliset-lampopumput","7":"description-off","9":"first","10":"instock","11":"shipping-taxable","12":"product-type-simple"},"_links":{"self":[{"href":"https:\/\/heaton.ee\/fi\/wp-json\/wp\/v2\/product\/20441","targetHints":{"allow":["GET"]}}],"collection":[{"href":"https:\/\/heaton.ee\/fi\/wp-json\/wp\/v2\/product"}],"about":[{"href":"https:\/\/heaton.ee\/fi\/wp-json\/wp\/v2\/types\/product"}],"wp:featuredmedia":[{"embeddable":true,"href":"https:\/\/heaton.ee\/fi\/wp-json\/wp\/v2\/media\/20440"}],"wp:attachment":[{"href":"https:\/\/heaton.ee\/fi\/wp-json\/wp\/v2\/media?parent=20441"}],"wp:term":[{"taxonomy":"product_brand","embeddable":true,"href":"https:\/\/heaton.ee\/fi\/wp-json\/wp\/v2\/product_brand?post=20441"},{"taxonomy":"product_cat","embeddable":true,"href":"https:\/\/heaton.ee\/fi\/wp-json\/wp\/v2\/product_cat?post=20441"},{"taxonomy":"product_tag","embeddable":true,"href":"https:\/\/heaton.ee\/fi\/wp-json\/wp\/v2\/product_tag?post=20441"}],"curies":[{"name":"wp","href":"https:\/\/api.w.org\/{rel}","templated":true}]}}