{"id":20456,"date":"2025-09-15T17:35:58","date_gmt":"2025-09-15T17:35:58","guid":{"rendered":"https:\/\/heaton.ee\/tooted\/Ei-luokiteltu\/mitsubishi-heavy-industries-srk35ztx-wa-src35ztx-wa\/"},"modified":"2025-09-15T17:35:58","modified_gmt":"2025-09-15T17:35:58","slug":"mitsubishi-heavy-industries-srk35ztx-wa-src35ztx-wa","status":"publish","type":"product","link":"https:\/\/heaton.ee\/fi\/tuotteet\/ilma-ilmalampopumput\/mitsubishi-heavy-industries\/mitsubishi-heavy-industries-srk35ztx-wa-src35ztx-wa\/","title":{"rendered":"Mitsubishi Heavy Industries SRK35ZTX-WA\/SRC35ZTX-WA"},"content":{"rendered":"<h3>Lis\u00e4tiedot<\/h3>\n<p><span style=\"font-weight: 400;\">Myymme vain ilmal\u00e4mp\u00f6pumppuja, jotka s\u00e4ilytt\u00e4v\u00e4t l\u00e4mmitystehonsa my\u00f6s pakkasella \u2013 ilman markkinointipuheita. <\/span><b>Nopea ja objektiivinen tarkistus<\/b><span style=\"font-weight: 400;\"> on ulkoyksik\u00f6n paino: mit\u00e4 suurempi massa, sit\u00e4 suurempi l\u00e4mm\u00f6nvaihdin ja kompressori ja sit\u00e4 varmempi toiminta pakkasella. Esimerkiksi kylm\u00e4n ilmaston sarjoissa 3\u20136 kW luokan ulkoyksik\u00f6iden paino on yleens\u00e4 ~ <\/span><b>35\u201350 kg<\/b><span style=\"font-weight: 400;\"> (liian kevyet mallit on optimoitu pikemminkin j\u00e4\u00e4hdytykseen)<\/span><\/p>\n<ul>\n<li><a href=\"https:\/\/heaton.ee\/wp-content\/uploads\/2025\/09\/MHI-ZTX-seeria-tootetutvustus.pdf\" target=\"_blank\" rel=\"noopener\">Lataa tuote-esittely<\/a><\/li>\n<\/ul>\n","protected":false},"excerpt":{"rendered":"<ul>\n<li style=\"font-weight: 400;\" aria-level=\"1\"><span style=\"font-weight: 400;\">Takuu 2 vuotta <\/span><\/li>\n<li style=\"font-weight: 400;\" aria-level=\"1\"><span style=\"font-weight: 400;\">L\u00e4mmitysala jopa (m\u00b2): 100<\/span><\/li>\n<li style=\"font-weight: 400;\" aria-level=\"1\"><span style=\"font-weight: 400;\">Hy\u00f6tysuhde l\u00e4mmityksess\u00e4 SCOP: <\/span><span style=\"font-weight: 400;\">5,1<\/span><\/li>\n<li style=\"font-weight: 400;\" aria-level=\"1\"><span style=\"font-weight: 400;\">Hy\u00f6tysuhde j\u00e4\u00e4hdytyksess\u00e4 SEER: <\/span><span style=\"font-weight: 400;\">9,5<\/span><\/li>\n<li style=\"font-weight: 400;\" aria-level=\"1\"><span style=\"font-weight: 400;\">Taattu l\u00e4mmitys ulkol\u00e4mp\u00f6tilaan asti: -35 \u00b0C<\/span><\/li>\n<li style=\"font-weight: 400;\" aria-level=\"1\"><span style=\"font-weight: 400;\">Energiatehokkuusluokka l\u00e4mmityksess\u00e4: A+++<\/span><\/li>\n<li style=\"font-weight: 400;\" aria-level=\"1\"><span style=\"font-weight: 400;\">Energiatehokkuusluokka j\u00e4\u00e4hdytyksess\u00e4: A+++<\/span><\/li>\n<\/ul>\n","protected":false},"featured_media":19884,"template":"","meta":[],"product_brand":[],"product_cat":[286,287],"product_tag":[],"class_list":{"0":"post-20456","1":"product","2":"type-product","3":"status-publish","4":"has-post-thumbnail","6":"product_cat-ilma-ilmalampopumput","7":"product_cat-mitsubishi-heavy-industries","8":"description-off","10":"first","11":"instock","12":"shipping-taxable","13":"purchasable","14":"product-type-simple"},"_links":{"self":[{"href":"https:\/\/heaton.ee\/fi\/wp-json\/wp\/v2\/product\/20456","targetHints":{"allow":["GET"]}}],"collection":[{"href":"https:\/\/heaton.ee\/fi\/wp-json\/wp\/v2\/product"}],"about":[{"href":"https:\/\/heaton.ee\/fi\/wp-json\/wp\/v2\/types\/product"}],"wp:featuredmedia":[{"embeddable":true,"href":"https:\/\/heaton.ee\/fi\/wp-json\/wp\/v2\/media\/19884"}],"wp:attachment":[{"href":"https:\/\/heaton.ee\/fi\/wp-json\/wp\/v2\/media?parent=20456"}],"wp:term":[{"taxonomy":"product_brand","embeddable":true,"href":"https:\/\/heaton.ee\/fi\/wp-json\/wp\/v2\/product_brand?post=20456"},{"taxonomy":"product_cat","embeddable":true,"href":"https:\/\/heaton.ee\/fi\/wp-json\/wp\/v2\/product_cat?post=20456"},{"taxonomy":"product_tag","embeddable":true,"href":"https:\/\/heaton.ee\/fi\/wp-json\/wp\/v2\/product_tag?post=20456"}],"curies":[{"name":"wp","href":"https:\/\/api.w.org\/{rel}","templated":true}]}}