{"id":20457,"date":"2025-09-04T10:06:45","date_gmt":"2025-09-04T10:06:45","guid":{"rendered":"https:\/\/heaton.ee\/tooted\/Ei-luokiteltu\/nordis-optimus-pro-6-kw\/"},"modified":"2025-09-04T10:06:45","modified_gmt":"2025-09-04T10:06:45","slug":"nordis-optimus-pro-6-kw","status":"publish","type":"product","link":"https:\/\/heaton.ee\/fi\/tuotteet\/ilma-vesilampopumput\/nordis\/nordis-optimus-pro-6-kw\/","title":{"rendered":"N\u00d8RDIS Optimus Pro 6 kW"},"content":{"rendered":"<h3>Lis\u00e4tiedot<\/h3>\n<p><a href=\"https:\/\/heaton.ee\/wp-content\/uploads\/2025\/09\/NORDIS-air-to-water-heat-pumps-EN.pdf\" target=\"_blank\" rel=\"noopener\">N\u00d8RDIS tuoteluettelo<\/a><\/p>\n","protected":false},"excerpt":{"rendered":"<ul>\n<li style=\"font-weight: 400;\" aria-level=\"1\"><span style=\"font-weight: 400;\">Takuu 5 vuotta <\/span><\/li>\n<li style=\"font-weight: 400;\" aria-level=\"1\"><span style=\"font-weight: 400;\">L\u00e4mmitysala enint\u00e4\u00e4n (m\u00b2): 135<\/span><\/li>\n<li style=\"font-weight: 400;\" aria-level=\"1\"><span style=\"font-weight: 400;\">Hy\u00f6tysuhde SCOP: 4.95<\/span><\/li>\n<li style=\"font-weight: 400;\" aria-level=\"1\"><span style=\"font-weight: 400;\">Taattu l\u00e4mmitys ulkol\u00e4mp\u00f6tilaan asti: -25 \u00b0C<\/span><\/li>\n<li style=\"font-weight: 400;\" aria-level=\"1\"><span style=\"font-weight: 400;\">Energiatehokkuusluokka l\u00e4mmityksess\u00e4: A+++<\/span><\/li>\n<\/ul>\n","protected":false},"featured_media":19201,"template":"","meta":[],"product_brand":[],"product_cat":[276,277],"product_tag":[],"class_list":{"0":"post-20457","1":"product","2":"type-product","3":"status-publish","4":"has-post-thumbnail","6":"product_cat-ilma-vesilampopumput","7":"product_cat-nordis","8":"description-off","10":"first","11":"instock","12":"shipping-taxable","13":"purchasable","14":"product-type-simple"},"_links":{"self":[{"href":"https:\/\/heaton.ee\/fi\/wp-json\/wp\/v2\/product\/20457","targetHints":{"allow":["GET"]}}],"collection":[{"href":"https:\/\/heaton.ee\/fi\/wp-json\/wp\/v2\/product"}],"about":[{"href":"https:\/\/heaton.ee\/fi\/wp-json\/wp\/v2\/types\/product"}],"wp:featuredmedia":[{"embeddable":true,"href":"https:\/\/heaton.ee\/fi\/wp-json\/wp\/v2\/media\/19201"}],"wp:attachment":[{"href":"https:\/\/heaton.ee\/fi\/wp-json\/wp\/v2\/media?parent=20457"}],"wp:term":[{"taxonomy":"product_brand","embeddable":true,"href":"https:\/\/heaton.ee\/fi\/wp-json\/wp\/v2\/product_brand?post=20457"},{"taxonomy":"product_cat","embeddable":true,"href":"https:\/\/heaton.ee\/fi\/wp-json\/wp\/v2\/product_cat?post=20457"},{"taxonomy":"product_tag","embeddable":true,"href":"https:\/\/heaton.ee\/fi\/wp-json\/wp\/v2\/product_tag?post=20457"}],"curies":[{"name":"wp","href":"https:\/\/api.w.org\/{rel}","templated":true}]}}