{"id":20491,"date":"2025-09-01T08:04:57","date_gmt":"2025-09-01T08:04:57","guid":{"rendered":"https:\/\/heaton.ee\/tooted\/Ei-luokiteltu\/sevra-ecos-heat-split-10-kw\/"},"modified":"2025-09-01T08:04:57","modified_gmt":"2025-09-01T08:04:57","slug":"sevra-ecos-heat-split-10-kw","status":"publish","type":"product","link":"https:\/\/heaton.ee\/fi\/tuotteet\/ilma-vesilampopumput\/sevra\/sevra-ecos-heat-split-10-kw\/","title":{"rendered":"SEVRA ECOs HEAT SPLIT 10 kW"},"content":{"rendered":"<h3>Tiedostot<\/h3>\n<p><a href=\"https:\/\/heaton.ee\/wp-content\/uploads\/2025\/09\/heat-pumps-catalogue-2025-1.pdf\">SEVRA ECOs HEAT tuoteluettelo<\/a><\/p>\n","protected":false},"excerpt":{"rendered":"<ul>\n<li style=\"font-weight: 400;\" aria-level=\"1\"><span style=\"font-weight: 400;\">Takuu 5 vuotta <\/span><\/li>\n<li style=\"font-weight: 400;\" aria-level=\"1\"><span style=\"font-weight: 400;\">L\u00e4mmitysala jopa (m\u00b2): 225<\/span><\/li>\n<li style=\"font-weight: 400;\" aria-level=\"1\"><span style=\"font-weight: 400;\">Hy\u00f6tysuhde SCOP: 5.19<\/span><\/li>\n<li style=\"font-weight: 400;\" aria-level=\"1\"><span style=\"font-weight: 400;\">Taattu l\u00e4mmitys ulkol\u00e4mp\u00f6tilaan asti: -25 \u00b0C<\/span><\/li>\n<li style=\"font-weight: 400;\" aria-level=\"1\"><span style=\"font-weight: 400;\">Energiatehokkuusluokka l\u00e4mmityksess\u00e4: A+++<\/span><\/li>\n<\/ul>\n","protected":false},"featured_media":20464,"template":"","meta":[],"product_brand":[],"product_cat":[276,289],"product_tag":[],"class_list":{"0":"post-20491","1":"product","2":"type-product","3":"status-publish","4":"has-post-thumbnail","6":"product_cat-ilma-vesilampopumput","7":"product_cat-sevra","8":"description-off","10":"first","11":"instock","12":"sale","13":"shipping-taxable","14":"purchasable","15":"product-type-simple"},"_links":{"self":[{"href":"https:\/\/heaton.ee\/fi\/wp-json\/wp\/v2\/product\/20491","targetHints":{"allow":["GET"]}}],"collection":[{"href":"https:\/\/heaton.ee\/fi\/wp-json\/wp\/v2\/product"}],"about":[{"href":"https:\/\/heaton.ee\/fi\/wp-json\/wp\/v2\/types\/product"}],"wp:featuredmedia":[{"embeddable":true,"href":"https:\/\/heaton.ee\/fi\/wp-json\/wp\/v2\/media\/20464"}],"wp:attachment":[{"href":"https:\/\/heaton.ee\/fi\/wp-json\/wp\/v2\/media?parent=20491"}],"wp:term":[{"taxonomy":"product_brand","embeddable":true,"href":"https:\/\/heaton.ee\/fi\/wp-json\/wp\/v2\/product_brand?post=20491"},{"taxonomy":"product_cat","embeddable":true,"href":"https:\/\/heaton.ee\/fi\/wp-json\/wp\/v2\/product_cat?post=20491"},{"taxonomy":"product_tag","embeddable":true,"href":"https:\/\/heaton.ee\/fi\/wp-json\/wp\/v2\/product_tag?post=20491"}],"curies":[{"name":"wp","href":"https:\/\/api.w.org\/{rel}","templated":true}]}}