{"id":21051,"date":"2026-03-08T09:43:49","date_gmt":"2026-03-08T09:43:49","guid":{"rendered":"https:\/\/heaton.ee\/tooted\/Ei-luokiteltu\/aux-c-smart-premium-12ccb\/"},"modified":"2026-03-08T09:43:49","modified_gmt":"2026-03-08T09:43:49","slug":"aux-c-smart-premium-12ccb","status":"publish","type":"product","link":"https:\/\/heaton.ee\/fi\/tuotteet\/ilma-ilmalampopumput\/aux\/aux-c-smart-premium-12ccb\/","title":{"rendered":"AUX C-Smart Premium 12CCB"},"content":{"rendered":"<h3>Lis\u00e4tiedot<\/h3>\n<ul>\n<li><a href=\"https:\/\/heaton.ee\/wp-content\/uploads\/2026\/03\/AUX-C-Smart-Premium-ENG-1.pdf\" target=\"_blank\" rel=\"noopener\">Lataa tuote-esittely<\/a><\/li>\n<li><a href=\"https:\/\/heaton.ee\/wp-content\/uploads\/2026\/03\/aux-c-smart-kasutusjuhend-eng.pdf\">Lataa k\u00e4ytt\u00f6ohje<\/a><\/li>\n<\/ul>\n","protected":false},"excerpt":{"rendered":"<ul>\n<li style=\"font-weight: 400;\" aria-level=\"1\"><span style=\"font-weight: 400;\">Takuu 2 vuotta <\/span><\/li>\n<li style=\"font-weight: 400;\" aria-level=\"1\"><span style=\"font-weight: 400;\">L\u00e4mmitysala jopa (m\u00b2): 80<\/span><\/li>\n<li style=\"font-weight: 400;\" aria-level=\"1\"><span style=\"font-weight: 400;\">L\u00e4mmityksen hy\u00f6tysuhde SCOP: 4,60<\/span><\/li>\n<li style=\"font-weight: 400;\" aria-level=\"1\"><span style=\"font-weight: 400;\">J\u00e4\u00e4hdytyksen hy\u00f6tysuhde SEER: 8,50<\/span><\/li>\n<li style=\"font-weight: 400;\" aria-level=\"1\"><span style=\"font-weight: 400;\">Taattu l\u00e4mmitys ulkol\u00e4mp\u00f6tilaan asti: -30 \u00b0C<\/span><\/li>\n<li style=\"font-weight: 400;\" aria-level=\"1\"><span style=\"font-weight: 400;\">Energiatehokkuusluokka l\u00e4mmityksess\u00e4: A++<\/span><\/li>\n<li style=\"font-weight: 400;\" aria-level=\"1\"><span style=\"font-weight: 400;\">Energiatehokkuusluokka j\u00e4\u00e4hdytyksess\u00e4: A+++<\/span><\/li>\n<\/ul>\n","protected":false},"featured_media":20668,"template":"","meta":[],"product_brand":[],"product_cat":[298],"product_tag":[],"class_list":{"0":"post-21051","1":"product","2":"type-product","3":"status-publish","4":"has-post-thumbnail","6":"product_cat-aux","7":"description-off","9":"first","10":"instock","11":"shipping-taxable","12":"purchasable","13":"product-type-simple"},"_links":{"self":[{"href":"https:\/\/heaton.ee\/fi\/wp-json\/wp\/v2\/product\/21051","targetHints":{"allow":["GET"]}}],"collection":[{"href":"https:\/\/heaton.ee\/fi\/wp-json\/wp\/v2\/product"}],"about":[{"href":"https:\/\/heaton.ee\/fi\/wp-json\/wp\/v2\/types\/product"}],"wp:featuredmedia":[{"embeddable":true,"href":"https:\/\/heaton.ee\/fi\/wp-json\/wp\/v2\/media\/20668"}],"wp:attachment":[{"href":"https:\/\/heaton.ee\/fi\/wp-json\/wp\/v2\/media?parent=21051"}],"wp:term":[{"taxonomy":"product_brand","embeddable":true,"href":"https:\/\/heaton.ee\/fi\/wp-json\/wp\/v2\/product_brand?post=21051"},{"taxonomy":"product_cat","embeddable":true,"href":"https:\/\/heaton.ee\/fi\/wp-json\/wp\/v2\/product_cat?post=21051"},{"taxonomy":"product_tag","embeddable":true,"href":"https:\/\/heaton.ee\/fi\/wp-json\/wp\/v2\/product_tag?post=21051"}],"curies":[{"name":"wp","href":"https:\/\/api.w.org\/{rel}","templated":true}]}}